{"id":7,"date":"2019-09-28T02:13:50","date_gmt":"2019-09-28T02:13:50","guid":{"rendered":"https:\/\/tf01.themeruby.com\/sport\/?page_id=7"},"modified":"2025-12-04T10:29:13","modified_gmt":"2025-12-04T09:29:13","slug":"accueil","status":"publish","type":"page","link":"https:\/\/werocksport.com\/it\/","title":{"rendered":"Casa"},"content":{"rendered":"<p><div id=\"uid_318a795a6\" class=\"rbc-row rbc-fw-section clearfix is-fullwide\"><div class=\"rbc-container rb-p20-gutter\"><div class=\"rbc-content\">\t\t<div id=\"uid_b39263694\" class=\"block-wrap fw-block fw-feat-4 none-margin\" >\r\n\t\t\t<div class=\"content-wrap\"><div class=\"content-inner\">\r\n\t<div class=\"load-animation\"><\/div><div class=\"rb-owl slider-feat-4 per-load\">\t\t<div class=\"p-wrap p-overlay p-overlay-4 f-gradient post-8601 rb-hf no-avatar\">\r\n\t\t\t<div class=\"p-feat\">\r\n\t\t\t\t\t\t<a class=\"p-flink\" href=\"https:\/\/werocksport.com\/it\/le-moulin-des-artistes-patagonia\/\" title=\"PATAGONIA FILMS\u202f: Le Moulin des Artistes, refuge des esprits libres\">\r\n\t\t\t<span class=\"rb-iwrap\"><img loading=\"lazy\" decoding=\"async\" width=\"1200\" height=\"800\" src=\"https:\/\/werocksport.com\/wp-content\/uploads\/2026\/03\/pierre-cadot.png\" class=\"attachment-pixwell_780x0-2x size-pixwell_780x0-2x wp-post-image\" alt=\"\" srcset=\"https:\/\/werocksport.com\/wp-content\/uploads\/2026\/03\/pierre-cadot.png 1200w, https:\/\/werocksport.com\/wp-content\/uploads\/2026\/03\/pierre-cadot-300x200.png 300w, https:\/\/werocksport.com\/wp-content\/uploads\/2026\/03\/pierre-cadot-1024x683.png 1024w, https:\/\/werocksport.com\/wp-content\/uploads\/2026\/03\/pierre-cadot-768x512.png 768w, https:\/\/werocksport.com\/wp-content\/uploads\/2026\/03\/pierre-cadot-18x12.png 18w, https:\/\/werocksport.com\/wp-content\/uploads\/2026\/03\/pierre-cadot-450x300.png 450w, https:\/\/werocksport.com\/wp-content\/uploads\/2026\/03\/pierre-cadot-780x520.png 780w\" sizes=\"auto, (max-width: 1200px) 100vw, 1200px\" \/><\/span>\r\n\t\t<\/a>\r\n\t\t\t\t\t\t<div class=\"content-overlay is-light-text\">\r\n\t\t\t\t\t<div class=\"rbc-container rb-p20-gutter\">\r\n\t\t\t\t\t\t<div class=\"overlay-holder\">\r\n\t\t\t\t\t\t\t\t\t<aside class=\"p-cat-info is-relative\">\r\n\t\t\t\t\t\t\t<a class=\"cat-info-el cat-info-id-44\" href=\"https:\/\/werocksport.com\/it\/category\/aventure\/\" rel=\"category\">Avventura<\/a>\t\t\t\t\t\t\t\t<\/aside>\r\n\t\t\t\t\t\t\t\t<div class=\"p-header\"><h2 class=\"entry-title h1\">\t\t<a class=\"p-url\" href=\"https:\/\/werocksport.com\/it\/le-moulin-des-artistes-patagonia\/\" rel=\"bookmark\" title=\"PATAGONIA FILMS\u202f: Le Moulin des Artistes, refuge des esprits libres\">PATAGONIA FILMS\u202f: Le Moulin des Artistes, refuge des esprits libres<\/a>\r\n\t\t<\/h2><\/div>\r\n\t\t\t\t\t\t\t\t\t\t\t\t\t\t<div class=\"p-footer\">\r\n\t\t\t\t\t\t\t\t\t\t\t\t\t\t\t<\/div>\r\n\t\t\t\t\t\t<\/div>\r\n\t\t\t\t\t<\/div>\r\n\t\t\t\t<\/div>\r\n\t\t\t<\/div>\r\n\t\t<\/div>\r\n\t<\/div>\t\t<\/div>\r\n\t\t<\/div>\r\n\t<\/div>\n<\/div><\/div><\/div><div id=\"uid_8b9b05ab5\" class=\"rbc-row rbc-fw-section clearfix is-fullwidth\"><div class=\"rbc-container rb-p20-gutter\"><div class=\"rbc-content\">\t\t<div id=\"uid_7786933a0\" class=\"block-wrap fw-block fw-feat-11 none-margin\" >\r\n\t\t\t<header class=\"block-header\">\r\n\t\t\t\t\t\t\t<h2 class=\"block-title h3\">LE ULTIME NOTIZIE<\/h2>\r\n\t\t\t\t\t\t\t\t<\/header>\r\n\t\t\t<div class=\"content-wrap\"><div class=\"content-inner rb-row rb-n10-all rb-sh\">\r\n\t<div class=\"col-big rb-col-d6 rb-col-m12\"><div class=\"p-outer rb-p10-all rb-col-m12\">\t\t<div class=\"p-wrap p-overlay p-overlay-1 post-8611 no-avatar\">\r\n\t\t\t<div class=\"p-feat-holder\">\r\n\t\t\t\t\t\t\t\t<div class=\"p-feat\">\r\n\t\t\t\t\t\t\t<a class=\"p-flink\" href=\"https:\/\/werocksport.com\/it\/gel-aligot-original-le-carburant-terroir-pour-les-longues-distances\/\" title=\"Gel ALIGOT ORIGINAL\u2122 : le carburant terroir pour les longues distances\">\r\n\t\t\t<span class=\"rb-iwrap\"><img loading=\"lazy\" decoding=\"async\" width=\"1110\" height=\"750\" src=\"https:\/\/werocksport.com\/wp-content\/uploads\/2026\/04\/1-1110x750.jpg\" class=\"attachment-pixwell_370x250-3x size-pixwell_370x250-3x wp-post-image\" alt=\"\" srcset=\"https:\/\/werocksport.com\/wp-content\/uploads\/2026\/04\/1-1110x750.jpg 1110w, https:\/\/werocksport.com\/wp-content\/uploads\/2026\/04\/1-370x250.jpg 370w, https:\/\/werocksport.com\/wp-content\/uploads\/2026\/04\/1-740x500.jpg 740w\" sizes=\"auto, (max-width: 1110px) 100vw, 1110px\" \/><\/span>\r\n\t\t<\/a>\r\n\t\t\t\t\t\t\t<div class=\"content-overlay is-light-text\">\r\n\t\t\t\t\t\t<div class=\"overlay-holder\">\r\n\t\t\t\t\t\t\t\t\t<aside class=\"p-cat-info is-relative\">\r\n\t\t\t\t\t\t\t<a class=\"cat-info-el cat-info-id-50\" href=\"https:\/\/werocksport.com\/it\/category\/equipement\/\" rel=\"category\">Attrezzatura<\/a>\t\t\t\t\t\t\t\t<\/aside>\r\n\t\t\t\t\t\t\t\t<div class=\"p-header\"><h2 class=\"entry-title h1\">\t\t<a class=\"p-url\" href=\"https:\/\/werocksport.com\/it\/gel-aligot-original-le-carburant-terroir-pour-les-longues-distances\/\" rel=\"bookmark\" title=\"Gel ALIGOT ORIGINAL\u2122 : le carburant terroir pour les longues distances\">Gel ALIGOT ORIGINAL\u2122 : le carburant terroir pour les longues distances<\/a>\r\n\t\t<\/h2><\/div>\r\n\t\t\t\t\t\t\t\t\t\t\t\t\t\t<div class=\"p-footer\">\r\n\t\t\t\t\t\t\t\t<aside class=\"p-meta-info\">\t\t<span class=\"meta-info-el meta-info-date\">\r\n\t\t\t<i class=\"rbi rbi-clock\"><\/i>\t\t\t\t\t\t<abbr class=\"date published\" title=\"2026-03-01T12:00:48+01:00\">1 Marzo 2026<\/abbr>\r\n\t\t\t\t\t<\/span>\r\n\t<\/aside>\t\t\t\t\t\t\t<\/div>\r\n\t\t\t\t\t\t<\/div>\r\n\t\t\t\t\t<\/div>\r\n\t\t\t\t<\/div>\r\n\t\t\t<\/div>\r\n\t\t<\/div>\r\n\t<\/div><\/div><div class=\"col-small rb-col-d6 rb-col-m12\"><div class=\"p-outer pos-top rb-p10-all rb-col-d6 rb-col-m12\">\t\t<div class=\"p-wrap p-overlay p-overlay-2 post-8594 rb-hf no-avatar\">\r\n\t\t\t<div class=\"p-feat\">\r\n\t\t\t\t\t\t<a class=\"p-flink\" href=\"https:\/\/werocksport.com\/it\/scored-quiksilver-alaska-team-movie\/\" title=\"SCORED : le nouveau film snow sign\u00e9 Quiksilver\">\r\n\t\t\t<span class=\"rb-iwrap\"><img loading=\"lazy\" decoding=\"async\" width=\"400\" height=\"600\" src=\"https:\/\/werocksport.com\/wp-content\/uploads\/2026\/02\/ff-400x600.webp\" class=\"attachment-pixwell_400x600 size-pixwell_400x600 wp-post-image\" alt=\"\" \/><\/span>\r\n\t\t<\/a>\r\n\t\t\t\t\t\t<div class=\"content-overlay is-light-text\">\r\n\t\t\t\t\t<div class=\"overlay-holder\">\r\n\t\t\t\t\t\t\t\t<aside class=\"p-cat-info is-relative\">\r\n\t\t\t\t\t\t\t<a class=\"cat-info-el cat-info-id-46\" href=\"https:\/\/werocksport.com\/it\/category\/adrenaline\/\" rel=\"category\">Adrenalina<\/a>\t\t\t\t\t\t\t\t<\/aside>\r\n\t\t\t\t\t\t\t<div class=\"p-header\"><h4 class=\"entry-title\">\t\t<a class=\"p-url\" href=\"https:\/\/werocksport.com\/it\/scored-quiksilver-alaska-team-movie\/\" rel=\"bookmark\" title=\"SCORED : le nouveau film snow sign\u00e9 Quiksilver\">SCORED : le nouveau film snow sign\u00e9 Quiksilver<\/a>\r\n\t\t<\/h4><\/div>\r\n\t\t\t\t\t\t<div class=\"p-footer\">\r\n\t\t\t\t\t\t\t\t\t\t\t\t\t<\/div>\r\n\t\t\t\t\t<\/div>\r\n\t\t\t\t<\/div>\r\n\t\t\t<\/div>\r\n\t\t<\/div>\r\n\t<\/div><div class=\"p-outer pos-top rb-p10-all rb-col-d6 rb-col-m12\">\t\t<div class=\"p-wrap p-overlay p-overlay-2 post-8540 rb-hf no-avatar\">\r\n\t\t\t<div class=\"p-feat\">\r\n\t\t\t\t\t\t<a class=\"p-flink\" href=\"https:\/\/werocksport.com\/it\/private-sport-shop-devient-partenaire-majeur-du-festival-hoka-les-templiers\/\" title=\"Private Sport Shop devient partenaire majeur du Festival HOKA LES TEMPLIERS\">\r\n\t\t\t<span class=\"rb-iwrap\"><img loading=\"lazy\" decoding=\"async\" width=\"400\" height=\"600\" src=\"https:\/\/werocksport.com\/wp-content\/uploads\/2026\/01\/\u00a9Cyrille-quintard-templiers2025-153A5122-1-400x600.jpg\" class=\"attachment-pixwell_400x600 size-pixwell_400x600 wp-post-image\" alt=\"\" \/><\/span>\r\n\t\t<\/a>\r\n\t\t\t\t\t\t<div class=\"content-overlay is-light-text\">\r\n\t\t\t\t\t<div class=\"overlay-holder\">\r\n\t\t\t\t\t\t\t\t<aside class=\"p-cat-info is-relative\">\r\n\t\t\t\t\t\t\t<a class=\"cat-info-el cat-info-id-44\" href=\"https:\/\/werocksport.com\/it\/category\/aventure\/\" rel=\"category\">Avventura<\/a>\t\t\t\t\t\t\t\t<\/aside>\r\n\t\t\t\t\t\t\t<div class=\"p-header\"><h4 class=\"entry-title\">\t\t<a class=\"p-url\" href=\"https:\/\/werocksport.com\/it\/private-sport-shop-devient-partenaire-majeur-du-festival-hoka-les-templiers\/\" rel=\"bookmark\" title=\"Private Sport Shop devient partenaire majeur du Festival HOKA LES TEMPLIERS\">Private Sport Shop devient partenaire majeur du Festival HOKA LES TEMPLIERS<\/a>\r\n\t\t<\/h4><\/div>\r\n\t\t\t\t\t\t<div class=\"p-footer\">\r\n\t\t\t\t\t\t\t\t\t\t\t\t\t<\/div>\r\n\t\t\t\t\t<\/div>\r\n\t\t\t\t<\/div>\r\n\t\t\t<\/div>\r\n\t\t<\/div>\r\n\t<\/div><div class=\"p-outer pos-bottom rb-p10-all rb-col-m12\">\t\t<div class=\"p-wrap p-overlay p-overlay-2 post-8386 rb-hf no-avatar\">\r\n\t\t\t<div class=\"p-feat\">\r\n\t\t\t\t\t\t<a class=\"p-flink\" href=\"https:\/\/werocksport.com\/it\/asics-gel-nimbus-28-le-confort-ultime-test\/\" title=\"ASICS GEL-NIMBUS 28 : LE CONFORT ULTIME (TEST)\">\r\n\t\t\t<span class=\"rb-iwrap\"><img loading=\"lazy\" decoding=\"async\" width=\"780\" height=\"1170\" src=\"https:\/\/werocksport.com\/wp-content\/uploads\/2025\/12\/DSCF5873-780x1170.jpg\" class=\"attachment-pixwell_780x0 size-pixwell_780x0 wp-post-image\" alt=\"\" srcset=\"https:\/\/werocksport.com\/wp-content\/uploads\/2025\/12\/DSCF5873-780x1170.jpg 780w, https:\/\/werocksport.com\/wp-content\/uploads\/2025\/12\/DSCF5873-200x300.jpg 200w, https:\/\/werocksport.com\/wp-content\/uploads\/2025\/12\/DSCF5873-683x1024.jpg 683w, https:\/\/werocksport.com\/wp-content\/uploads\/2025\/12\/DSCF5873-768x1152.jpg 768w, https:\/\/werocksport.com\/wp-content\/uploads\/2025\/12\/DSCF5873-1024x1536.jpg 1024w, https:\/\/werocksport.com\/wp-content\/uploads\/2025\/12\/DSCF5873-8x12.jpg 8w, https:\/\/werocksport.com\/wp-content\/uploads\/2025\/12\/DSCF5873-400x600.jpg 400w, https:\/\/werocksport.com\/wp-content\/uploads\/2025\/12\/DSCF5873-450x675.jpg 450w\" sizes=\"auto, (max-width: 780px) 100vw, 780px\" \/><\/span>\r\n\t\t<\/a>\r\n\t\t\t\t\t\t<div class=\"content-overlay is-light-text\">\r\n\t\t\t\t\t<div class=\"overlay-holder\">\r\n\t\t\t\t\t\t\t\t<aside class=\"p-cat-info is-relative\">\r\n\t\t\t\t\t\t\t<a class=\"cat-info-el cat-info-id-50\" href=\"https:\/\/werocksport.com\/it\/category\/equipement\/\" rel=\"category\">Attrezzatura<\/a>\t\t\t\t\t\t\t\t<\/aside>\r\n\t\t\t\t\t\t\t<div class=\"p-header\"><h3 class=\"entry-title\">\t\t<a class=\"p-url\" href=\"https:\/\/werocksport.com\/it\/asics-gel-nimbus-28-le-confort-ultime-test\/\" rel=\"bookmark\" title=\"ASICS GEL-NIMBUS 28 : LE CONFORT ULTIME (TEST)\">ASICS GEL-NIMBUS 28 : LE CONFORT ULTIME (TEST)<\/a>\r\n\t\t<\/h3><\/div>\r\n\t\t\t\t\t\t<div class=\"p-footer\">\r\n\t\t\t\t\t\t\t\t\t\t\t\t\t<\/div>\r\n\t\t\t\t\t<\/div>\r\n\t\t\t\t<\/div>\r\n\t\t\t<\/div>\r\n\t\t<\/div>\r\n\t<\/div><\/div>\t\t<\/div>\r\n\t\t<\/div>\r\n\t<\/div>\n<\/div><\/div><\/div><\/p>","protected":false},"excerpt":{"rendered":"","protected":false},"author":12,"featured_media":0,"parent":0,"menu_order":0,"comment_status":"closed","ping_status":"closed","template":"rbc-frontend.php","meta":{"footnotes":""},"class_list":["post-7","page","type-page","status-publish"],"yoast_head":"<!-- This site is optimized with the Yoast SEO plugin v27.2 - https:\/\/yoast.com\/product\/yoast-seo-wordpress\/ -->\n<title>Accueil : le m\u00e9dia 100% outdoor !<\/title>\n<meta name=\"description\" content=\"Nous allons \u00e0 la rencontre de ceux qui se bougent. Sport, Aventure, Adr\u00e9naline, Inspiration, \u00c9quipement et Culture.\" \/>\n<meta name=\"robots\" content=\"index, follow, max-snippet:-1, max-image-preview:large, max-video-preview:-1\" \/>\n<link rel=\"canonical\" href=\"https:\/\/werocksport.com\/it\/\" \/>\n<meta property=\"og:locale\" content=\"it_IT\" \/>\n<meta property=\"og:type\" content=\"article\" \/>\n<meta property=\"og:title\" content=\"We Rock Sport\" \/>\n<meta property=\"og:description\" content=\"Nous allons \u00e0 la rencontre de ceux qui se bougent !\" \/>\n<meta property=\"og:url\" content=\"https:\/\/werocksport.com\/it\/\" \/>\n<meta property=\"og:site_name\" content=\"We Rock Sport\" \/>\n<meta property=\"article:modified_time\" content=\"2025-12-04T09:29:13+00:00\" \/>\n<meta property=\"og:image\" content=\"https:\/\/werocksport.com\/wp-content\/uploads\/2021\/01\/WRS_logo.jpg\" \/>\n\t<meta property=\"og:image:width\" content=\"878\" \/>\n\t<meta property=\"og:image:height\" content=\"512\" \/>\n\t<meta property=\"og:image:type\" content=\"image\/jpeg\" \/>\n<meta name=\"twitter:card\" content=\"summary_large_image\" \/>\n<meta name=\"twitter:title\" content=\"We Rock Sport\" \/>\n<meta name=\"twitter:description\" content=\"Nous allons \u00e0 la rencontre de ceux qui se bougent !\" \/>\n<meta name=\"twitter:image\" content=\"https:\/\/werocksport.com\/wp-content\/uploads\/2021\/01\/WRS_logo.jpg\" \/>\n<meta name=\"twitter:label1\" content=\"Tempo di lettura stimato\" \/>\n\t<meta name=\"twitter:data1\" content=\"1 minuto\" \/>\n<script type=\"application\/ld+json\" class=\"yoast-schema-graph\">{\"@context\":\"https:\/\/schema.org\",\"@graph\":[{\"@type\":\"WebPage\",\"@id\":\"https:\/\/werocksport.com\/\",\"url\":\"https:\/\/werocksport.com\/\",\"name\":\"Accueil : le m\u00e9dia 100% outdoor !\",\"isPartOf\":{\"@id\":\"https:\/\/werocksport.com\/#website\"},\"datePublished\":\"2019-09-28T02:13:50+00:00\",\"dateModified\":\"2025-12-04T09:29:13+00:00\",\"description\":\"Nous allons \u00e0 la rencontre de ceux qui se bougent. Sport, Aventure, Adr\u00e9naline, Inspiration, \u00c9quipement et Culture.\",\"breadcrumb\":{\"@id\":\"https:\/\/werocksport.com\/#breadcrumb\"},\"inLanguage\":\"it-IT\",\"potentialAction\":[{\"@type\":\"ReadAction\",\"target\":[\"https:\/\/werocksport.com\/\"]}]},{\"@type\":\"BreadcrumbList\",\"@id\":\"https:\/\/werocksport.com\/#breadcrumb\",\"itemListElement\":[{\"@type\":\"ListItem\",\"position\":1,\"name\":\"Home\",\"item\":\"https:\/\/werocksport.com\/\"},{\"@type\":\"ListItem\",\"position\":2,\"name\":\"Accueil\"}]},{\"@type\":\"WebSite\",\"@id\":\"https:\/\/werocksport.com\/#website\",\"url\":\"https:\/\/werocksport.com\/\",\"name\":\"We Rock Sport\",\"description\":\"le m\u00e9dia 100% outdoor !\",\"publisher\":{\"@id\":\"https:\/\/werocksport.com\/#organization\"},\"potentialAction\":[{\"@type\":\"SearchAction\",\"target\":{\"@type\":\"EntryPoint\",\"urlTemplate\":\"https:\/\/werocksport.com\/?s={search_term_string}\"},\"query-input\":{\"@type\":\"PropertyValueSpecification\",\"valueRequired\":true,\"valueName\":\"search_term_string\"}}],\"inLanguage\":\"it-IT\"},{\"@type\":\"Organization\",\"@id\":\"https:\/\/werocksport.com\/#organization\",\"name\":\"We Rock Sport\",\"url\":\"https:\/\/werocksport.com\/\",\"logo\":{\"@type\":\"ImageObject\",\"inLanguage\":\"it-IT\",\"@id\":\"https:\/\/werocksport.com\/#\/schema\/logo\/image\/\",\"url\":\"https:\/\/werocksport.com\/wp-content\/uploads\/2020\/12\/WRS-logo.png\",\"contentUrl\":\"https:\/\/werocksport.com\/wp-content\/uploads\/2020\/12\/WRS-logo.png\",\"width\":136,\"height\":60,\"caption\":\"We Rock Sport\"},\"image\":{\"@id\":\"https:\/\/werocksport.com\/#\/schema\/logo\/image\/\"}}]}<\/script>\n<!-- \/ Yoast SEO plugin. -->","yoast_head_json":{"title":"Home: 100% media all'aperto!","description":"Incontreremo le persone che fanno le cose per bene. Sport, avventura, adrenalina, ispirazione, attrezzature e cultura.","robots":{"index":"index","follow":"follow","max-snippet":"max-snippet:-1","max-image-preview":"max-image-preview:large","max-video-preview":"max-video-preview:-1"},"canonical":"https:\/\/werocksport.com\/it\/","og_locale":"it_IT","og_type":"article","og_title":"We Rock Sport","og_description":"Nous allons \u00e0 la rencontre de ceux qui se bougent !","og_url":"https:\/\/werocksport.com\/it\/","og_site_name":"We Rock Sport","article_modified_time":"2025-12-04T09:29:13+00:00","og_image":[{"width":878,"height":512,"url":"https:\/\/werocksport.com\/wp-content\/uploads\/2021\/01\/WRS_logo.jpg","type":"image\/jpeg"}],"twitter_card":"summary_large_image","twitter_title":"We Rock Sport","twitter_description":"Nous allons \u00e0 la rencontre de ceux qui se bougent !","twitter_image":"https:\/\/werocksport.com\/wp-content\/uploads\/2021\/01\/WRS_logo.jpg","twitter_misc":{"Tempo di lettura stimato":"1 minuto"},"schema":{"@context":"https:\/\/schema.org","@graph":[{"@type":"WebPage","@id":"https:\/\/werocksport.com\/","url":"https:\/\/werocksport.com\/","name":"Home: 100% media all'aperto!","isPartOf":{"@id":"https:\/\/werocksport.com\/#website"},"datePublished":"2019-09-28T02:13:50+00:00","dateModified":"2025-12-04T09:29:13+00:00","description":"Incontreremo le persone che fanno le cose per bene. Sport, avventura, adrenalina, ispirazione, attrezzature e cultura.","breadcrumb":{"@id":"https:\/\/werocksport.com\/#breadcrumb"},"inLanguage":"it-IT","potentialAction":[{"@type":"ReadAction","target":["https:\/\/werocksport.com\/"]}]},{"@type":"BreadcrumbList","@id":"https:\/\/werocksport.com\/#breadcrumb","itemListElement":[{"@type":"ListItem","position":1,"name":"Home","item":"https:\/\/werocksport.com\/"},{"@type":"ListItem","position":2,"name":"Accueil"}]},{"@type":"WebSite","@id":"https:\/\/werocksport.com\/#website","url":"https:\/\/werocksport.com\/","name":"Noi Rock Sport","description":"100% per esterni!","publisher":{"@id":"https:\/\/werocksport.com\/#organization"},"potentialAction":[{"@type":"SearchAction","target":{"@type":"EntryPoint","urlTemplate":"https:\/\/werocksport.com\/?s={search_term_string}"},"query-input":{"@type":"PropertyValueSpecification","valueRequired":true,"valueName":"search_term_string"}}],"inLanguage":"it-IT"},{"@type":"Organization","@id":"https:\/\/werocksport.com\/#organization","name":"Noi Rock Sport","url":"https:\/\/werocksport.com\/","logo":{"@type":"ImageObject","inLanguage":"it-IT","@id":"https:\/\/werocksport.com\/#\/schema\/logo\/image\/","url":"https:\/\/werocksport.com\/wp-content\/uploads\/2020\/12\/WRS-logo.png","contentUrl":"https:\/\/werocksport.com\/wp-content\/uploads\/2020\/12\/WRS-logo.png","width":136,"height":60,"caption":"We Rock Sport"},"image":{"@id":"https:\/\/werocksport.com\/#\/schema\/logo\/image\/"}}]}},"_links":{"self":[{"href":"https:\/\/werocksport.com\/it\/wp-json\/wp\/v2\/pages\/7","targetHints":{"allow":["GET"]}}],"collection":[{"href":"https:\/\/werocksport.com\/it\/wp-json\/wp\/v2\/pages"}],"about":[{"href":"https:\/\/werocksport.com\/it\/wp-json\/wp\/v2\/types\/page"}],"author":[{"embeddable":true,"href":"https:\/\/werocksport.com\/it\/wp-json\/wp\/v2\/users\/12"}],"replies":[{"embeddable":true,"href":"https:\/\/werocksport.com\/it\/wp-json\/wp\/v2\/comments?post=7"}],"version-history":[{"count":48,"href":"https:\/\/werocksport.com\/it\/wp-json\/wp\/v2\/pages\/7\/revisions"}],"predecessor-version":[{"id":8292,"href":"https:\/\/werocksport.com\/it\/wp-json\/wp\/v2\/pages\/7\/revisions\/8292"}],"wp:attachment":[{"href":"https:\/\/werocksport.com\/it\/wp-json\/wp\/v2\/media?parent=7"}],"curies":[{"name":"wp","href":"https:\/\/api.w.org\/{rel}","templated":true}]}}