{"id":3,"date":"2020-12-10T14:35:49","date_gmt":"2020-12-10T13:35:49","guid":{"rendered":"http:\/\/werocksport.mayapress.net\/?page_id=3"},"modified":"2023-07-19T18:08:51","modified_gmt":"2023-07-19T16:08:51","slug":"mentions-legales","status":"publish","type":"page","link":"https:\/\/werocksport.com\/es\/mentions-legales\/","title":{"rendered":"Informaci\u00f3n legal"},"content":{"rendered":"\n<h2 class=\"wp-block-heading\"><strong>Qui sommes-nous&nbsp;?<\/strong><\/h2>\n\n\n\n<p>L\u2019adresse de notre site est&nbsp;:<a href=\"https:\/\/werocksport.com\/\"> https:\/\/werocksport.com\/<\/a><\/p>\n\n\n\n<h2 class=\"wp-block-heading\">Editeur<\/h2>\n\n\n\n<p>Ce site est la propri\u00e9t\u00e9 de&nbsp;<strong>Private Sport Shop<\/strong>, <\/p>\n\n\n\n<p>PRIVATE SPORT SHOP SAS<\/p>\n\n\n\n<p>460, avenue des Bigos, 34740 VENDARGUES<\/p>\n\n\n\n<p>T\u00e9l\u00e9phone 09 70 73 33 22<\/p>\n\n\n\n<h2 class=\"wp-block-heading\"><strong>H\u00e9bergeur&nbsp;:<\/strong><\/h2>\n\n\n\n<p><strong>Algora<br><\/strong>Ce site est h\u00e9berg\u00e9 sur les serveurs de la soci\u00e9t\u00e9 Algora dont le si\u00e8ge social est situ\u00e9 au Rd 64 c La Pellegrine 13100 Le Tholonet, FRANCE,&nbsp;<a href=\"http:\/\/www.algora.fr\/\" target=\"_blank\" rel=\"noreferrer noopener\">www.algora.fr<\/a><\/p>\n\n\n\n<h2 class=\"wp-block-heading\">Utilisation des donn\u00e9es personnelles collect\u00e9es<\/h2>\n\n\n\n<h3 class=\"wp-block-heading\">Cookies<\/h3>\n\n\n\n<h2 class=\"wp-block-heading\">1. Qu\u2019est-ce qu\u2019un cookie ?<\/h2>\n\n\n\n<p>Les cookies sont de petits fichiers textes qui sont install\u00e9s sur votre ordinateur lorsque vous visitez notre site web<\/p>\n\n\n\n<h2 class=\"wp-block-heading\">2. Finalit\u00e9 des cookies<\/h2>\n\n\n\n<p>Nous utilisons les cookies afin de rendre vos visites sur notre site plus efficaces. Les cookies nous permettent d\u2019am\u00e9liorer la navigation sur notre site, de vous proposer des contenus&nbsp; adapt\u00e9s \u00e0 vos centres d\u2019int\u00e9r\u00eats selon votre navigation et de comprendre vos visites.<\/p>\n\n\n\n<h2 class=\"wp-block-heading\">3. Notre utilisation des cookies<\/h2>\n\n\n\n<p>Nous utilisons les cookies pour :<br>\u2022 a. M\u00e9moriser vos pr\u00e9f\u00e9rences de navigation telles que votre langue, la taille de la police, la pr\u00e9sentation de la page ou les couleurs pr\u00e9f\u00e9r\u00e9es. Le tout pour vous permettre de parcourir notre site plus rapidement et plus facilement.<br>\u2022 b. Collecter des informations analytiques pour, par exemple, compter le nombre de visiteurs sur notre site web et identifier les pages de nos sites que vous visitez le plus souvent. Nous utilisons les donn\u00e9es d\u2019analyse pour am\u00e9liorer notre site web.<br>\u2022 c. R\u00e9unir des informations pouvant nous aider \u00e0 vous adresser des pages adapt\u00e9es \u00e0 vos int\u00e9r\u00eats.<br>\u2022 d. D\u00e9terminer si nos visiteurs s\u2019adaptent facilement aux modifications que nous pouvons apporter \u00e0 notre site web.<\/p>\n\n\n\n<h2 class=\"wp-block-heading\">4. Informations collect\u00e9es gr\u00e2ce aux cookies<\/h2>\n\n\n\n<p>Les cookies nous aident \u00e0 recueillir des renseignements sur la fa\u00e7on dont vous utilisez notre site web, mais nous ne conservons aucune information permettant de vous identifier personnellement dans les donn\u00e9es de nos cookies vous concernant. Nous enregistrons uniquement un identifiant de session unique qui nous aidera \u00e0 retrouver un profil d\u2019utilisateur ainsi que vos pr\u00e9f\u00e9rences lors de votre prochaine visite.<\/p>\n\n\n\n<h2 class=\"wp-block-heading\">5. Types de cookies<\/h2>\n\n\n\n<p>\u2022 a. Cookies de mesure d\u2019audience \u2013 Les cookies de ce type sont stock\u00e9s sur votre ordinateur pour la production de statistiques anonymes \u00e0 chacune de vos visites sur notre site. Ils sont conserv\u00e9s sur votre ordinateur pendant une dur\u00e9e de 13 mois. Ils nous permettent d\u2019\u00e9tablir des statistiques et volumes de fr\u00e9quentation et d\u2019utilisation des divers \u00e9l\u00e9ments composant notre site&nbsp; (rubriques et contenus visit\u00e9s, parcours), nous permettant d\u2019am\u00e9liorer l\u2019int\u00e9r\u00eat et l\u2019ergonomie de nos services ;<br>\u2022 b. Cookies permanents \u2013 Les cookies de ce type demeurent 13 mois sur votre ordinateur. Les cookies permanents nous aident \u00e0 vous reconna\u00eetre lorsque nous devons savoir qui vous \u00eates pour adapter la pr\u00e9sentation de notre site aux pr\u00e9f\u00e9rences d\u2019affichage de votre ordinateur (langue utilis\u00e9e, r\u00e9solution d\u2019affichage, syst\u00e8me d\u2019exploitation utilis\u00e9, etc\u2026) lors de vos visites sur notre site, selon les mat\u00e9riels et les logiciels de visualisation ou de lecture que votre ordinateur comporte.<\/p>\n\n\n\n<h2 class=\"wp-block-heading\">6. Gestion des cookies<\/h2>\n\n\n\n<p>Lorsque vous naviguez sur notre site internet, des informations sont susceptibles d\u2019\u00eatre enregistr\u00e9es, ou lues, sur votre ordinateur, sous r\u00e9serve de vos choix.<br>Si vous souhaitez exercer vos choix selon le navigateur que vous utilisez :<br>Le menu de la plupart des navigateurs comporte des options vous permettant de g\u00e9rer vos cookies en r\u00e9glant ou en configurant vos param\u00e8tres de cookies. G\u00e9n\u00e9ralement, le navigateur vous offre la possibilit\u00e9 :<br>\u2022 a. d\u2019afficher vos cookies ;<br>\u2022 b. d\u2019autoriser les cookies ;<br>\u2022 c. de d\u00e9sactiver tous les cookies, ou uniquement des cookies pr\u00e9cis ;<br>\u2022 d. de d\u00e9sactiver tous les cookies lorsque vous fermez votre navigateur ;<br>\u2022 e. de bloquer les cookies ;<br>\u2022 f. d\u2019\u00eatre inform\u00e9 lorsque vous recevez un cookie.<\/p>\n\n\n\n<p>Veuillez noter que si vous choisissez de bloquer nos cookies, certaines des fonctionnalit\u00e9s de notre site web seront d\u00e9sactiv\u00e9es et votre navigation risque \u00e9galement d\u2019en \u00eatre affect\u00e9e. Si vous configurez les options de votre navigateur pour supprimer tous les cookies, vos pr\u00e9f\u00e9rences de navigation seront effac\u00e9es \u00e0 la fermeture de votre navigateur.<\/p>\n\n\n\n<p>Ci-dessous le menu d\u2019aide de quelques navigateurs qui vous permettra de savoir de quelle mani\u00e8re modifier vos souhaits en mati\u00e8re de cookies.<br>\u2022 Pour Internet Explorer\u2122 : http:\/\/windows.microsoft.com\/fr-FR\/windows-vista\/Block-or-allow-cookies<br>\u2022 Pour Safari\u2122 : http:\/\/docs.info.apple.com\/article.html?path=Safari\/3.0\/fr\/9277.html<br>\u2022 Pour Chrome\u2122 : http:\/\/support.google.com\/chrome\/bin\/answer.py?hl=fr&amp;hlrm=en&amp;answer=95647<br>\u2022 Pour Firefox\u2122 : http:\/\/support.mozilla.org\/fr\/kb\/Activer%20et%20d%C3%A9sactiver%20les%20cookies<br>\u2022 Pour Opera\u2122 : http:\/\/help.opera.com\/Windows\/10.20\/fr\/cookies.html<\/p>\n\n\n\n<p>En poursuivant votre navigation sur ce site, vous acceptez l\u2019utilisation de cookies ou autres traceurs pour nous permettre de vous proposer des contenus adapt\u00e9s \u00e0 vos centres d\u2019int\u00e9r\u00eats et de r\u00e9aliser des statistiques de visites.<\/p>\n\n\n\n<h3 class=\"wp-block-heading\">Contenu embarqu\u00e9 depuis d\u2019autres sites<\/h3>\n\n\n\n<p>Les articles de ce site peuvent inclure des contenus int\u00e9gr\u00e9s (par exemple des vid\u00e9os, images, articles\u2026). Le contenu int\u00e9gr\u00e9 depuis d\u2019autres sites se comporte de la m\u00eame mani\u00e8re que si le visiteur se rendait sur cet autre site.<\/p>\n\n\n\n<h3 class=\"wp-block-heading\">Statistiques et mesures d\u2019audience<\/h3>\n\n\n\n<h2 class=\"wp-block-heading\">Utilisation et transmission de vos donn\u00e9es personnelles<\/h2>\n\n\n\n<h2 class=\"wp-block-heading\">Les droits que vous avez sur vos donn\u00e9es<\/h2>\n\n\n\n<p>Si vous avez un compte ou si vous avez laiss\u00e9 des commentaires sur le site, vous pouvez demander \u00e0 recevoir un fichier contenant toutes les donn\u00e9es personnelles que nous poss\u00e9dons \u00e0 votre sujet, incluant celles que vous nous avez fournies. Vous pouvez \u00e9galement demander la suppression des donn\u00e9es personnelles vous concernant. Cela ne prend pas en compte les donn\u00e9es stock\u00e9es \u00e0 des fins administratives, l\u00e9gales ou pour des raisons de s\u00e9curit\u00e9.<\/p>\n\n\n\n<p>Les commentaires des visiteurs peuvent \u00eatre v\u00e9rifi\u00e9s \u00e0 l\u2019aide d\u2019un service automatis\u00e9 de d\u00e9tection des commentaires ind\u00e9sirables.<\/p>\n\n\n\n<h2 class=\"wp-block-heading\">Informations de contact<\/h2>\n\n\n\n<p>Pour toute demande relative \u00e0 l\u2019\u00e9dition d\u00e9l\u00e9gu\u00e9e de ce service web : contact[@]<a href=\"http:\/\/mayapress.net\/\" target=\"_blank\" rel=\"noreferrer noopener\">maya.media<\/a><\/p>\n","protected":false},"excerpt":{"rendered":"<p>Qui sommes-nous&nbsp;? L\u2019adresse de notre site est&nbsp;: https:\/\/werocksport.com\/ Editeur Ce site est la propri\u00e9t\u00e9 de&nbsp;Private Sport Shop, PRIVATE SPORT SHOP SAS 460, avenue des Bigos, 34740 VENDARGUES T\u00e9l\u00e9phone 09 70 73 33 22 H\u00e9bergeur&nbsp;: AlgoraCe site est h\u00e9berg\u00e9 sur les serveurs de la soci\u00e9t\u00e9 Algora dont le si\u00e8ge social est situ\u00e9 au Rd 64 c [&hellip;]<\/p>\n","protected":false},"author":12,"featured_media":0,"parent":0,"menu_order":0,"comment_status":"closed","ping_status":"open","template":"","meta":{"footnotes":""},"class_list":["post-3","page","type-page","status-publish"],"yoast_head":"<!-- This site is optimized with the Yoast SEO plugin v27.2 - https:\/\/yoast.com\/product\/yoast-seo-wordpress\/ -->\n<title>Mentions l\u00e9gales - We Rock Sport<\/title>\n<meta name=\"robots\" content=\"index, follow, max-snippet:-1, max-image-preview:large, max-video-preview:-1\" \/>\n<link rel=\"canonical\" href=\"https:\/\/werocksport.com\/es\/mentions-legales\/\" \/>\n<meta property=\"og:locale\" content=\"es_ES\" \/>\n<meta property=\"og:type\" content=\"article\" \/>\n<meta property=\"og:title\" content=\"Mentions l\u00e9gales - We Rock Sport\" \/>\n<meta property=\"og:description\" content=\"Qui sommes-nous&nbsp;? L\u2019adresse de notre site est&nbsp;: https:\/\/werocksport.com\/ Editeur Ce site est la propri\u00e9t\u00e9 de&nbsp;Private Sport Shop, PRIVATE SPORT SHOP SAS 460, avenue des Bigos, 34740 VENDARGUES T\u00e9l\u00e9phone 09 70 73 33 22 H\u00e9bergeur&nbsp;: AlgoraCe site est h\u00e9berg\u00e9 sur les serveurs de la soci\u00e9t\u00e9 Algora dont le si\u00e8ge social est situ\u00e9 au Rd 64 c [&hellip;]\" \/>\n<meta property=\"og:url\" content=\"https:\/\/werocksport.com\/es\/mentions-legales\/\" \/>\n<meta property=\"og:site_name\" content=\"We Rock Sport\" \/>\n<meta property=\"article:modified_time\" content=\"2023-07-19T16:08:51+00:00\" \/>\n<meta property=\"og:image\" content=\"https:\/\/werocksport.com\/wp-content\/uploads\/2021\/01\/WRS_logo.jpg\" \/>\n\t<meta property=\"og:image:width\" content=\"878\" \/>\n\t<meta property=\"og:image:height\" content=\"512\" \/>\n\t<meta property=\"og:image:type\" content=\"image\/jpeg\" \/>\n<meta name=\"twitter:card\" content=\"summary_large_image\" \/>\n<meta name=\"twitter:label1\" content=\"Tiempo de lectura\" \/>\n\t<meta name=\"twitter:data1\" content=\"5 minutos\" \/>\n<script type=\"application\/ld+json\" class=\"yoast-schema-graph\">{\"@context\":\"https:\/\/schema.org\",\"@graph\":[{\"@type\":\"WebPage\",\"@id\":\"https:\/\/werocksport.com\/mentions-legales\/\",\"url\":\"https:\/\/werocksport.com\/mentions-legales\/\",\"name\":\"Mentions l\u00e9gales - We Rock Sport\",\"isPartOf\":{\"@id\":\"https:\/\/werocksport.com\/#website\"},\"datePublished\":\"2020-12-10T13:35:49+00:00\",\"dateModified\":\"2023-07-19T16:08:51+00:00\",\"breadcrumb\":{\"@id\":\"https:\/\/werocksport.com\/mentions-legales\/#breadcrumb\"},\"inLanguage\":\"es\",\"potentialAction\":[{\"@type\":\"ReadAction\",\"target\":[\"https:\/\/werocksport.com\/mentions-legales\/\"]}]},{\"@type\":\"BreadcrumbList\",\"@id\":\"https:\/\/werocksport.com\/mentions-legales\/#breadcrumb\",\"itemListElement\":[{\"@type\":\"ListItem\",\"position\":1,\"name\":\"Home\",\"item\":\"https:\/\/werocksport.com\/\"},{\"@type\":\"ListItem\",\"position\":2,\"name\":\"Mentions l\u00e9gales\"}]},{\"@type\":\"WebSite\",\"@id\":\"https:\/\/werocksport.com\/#website\",\"url\":\"https:\/\/werocksport.com\/\",\"name\":\"We Rock Sport\",\"description\":\"le m\u00e9dia 100% outdoor !\",\"publisher\":{\"@id\":\"https:\/\/werocksport.com\/#organization\"},\"potentialAction\":[{\"@type\":\"SearchAction\",\"target\":{\"@type\":\"EntryPoint\",\"urlTemplate\":\"https:\/\/werocksport.com\/?s={search_term_string}\"},\"query-input\":{\"@type\":\"PropertyValueSpecification\",\"valueRequired\":true,\"valueName\":\"search_term_string\"}}],\"inLanguage\":\"es\"},{\"@type\":\"Organization\",\"@id\":\"https:\/\/werocksport.com\/#organization\",\"name\":\"We Rock Sport\",\"url\":\"https:\/\/werocksport.com\/\",\"logo\":{\"@type\":\"ImageObject\",\"inLanguage\":\"es\",\"@id\":\"https:\/\/werocksport.com\/#\/schema\/logo\/image\/\",\"url\":\"https:\/\/werocksport.com\/wp-content\/uploads\/2020\/12\/WRS-logo.png\",\"contentUrl\":\"https:\/\/werocksport.com\/wp-content\/uploads\/2020\/12\/WRS-logo.png\",\"width\":136,\"height\":60,\"caption\":\"We Rock Sport\"},\"image\":{\"@id\":\"https:\/\/werocksport.com\/#\/schema\/logo\/image\/\"}}]}<\/script>\n<!-- \/ Yoast SEO plugin. -->","yoast_head_json":{"title":"Aviso legal - We Rock Sport","robots":{"index":"index","follow":"follow","max-snippet":"max-snippet:-1","max-image-preview":"max-image-preview:large","max-video-preview":"max-video-preview:-1"},"canonical":"https:\/\/werocksport.com\/es\/mentions-legales\/","og_locale":"es_ES","og_type":"article","og_title":"Mentions l\u00e9gales - We Rock Sport","og_description":"Qui sommes-nous&nbsp;? L\u2019adresse de notre site est&nbsp;: https:\/\/werocksport.com\/ Editeur Ce site est la propri\u00e9t\u00e9 de&nbsp;Private Sport Shop, PRIVATE SPORT SHOP SAS 460, avenue des Bigos, 34740 VENDARGUES T\u00e9l\u00e9phone 09 70 73 33 22 H\u00e9bergeur&nbsp;: AlgoraCe site est h\u00e9berg\u00e9 sur les serveurs de la soci\u00e9t\u00e9 Algora dont le si\u00e8ge social est situ\u00e9 au Rd 64 c [&hellip;]","og_url":"https:\/\/werocksport.com\/es\/mentions-legales\/","og_site_name":"We Rock Sport","article_modified_time":"2023-07-19T16:08:51+00:00","og_image":[{"width":878,"height":512,"url":"https:\/\/werocksport.com\/wp-content\/uploads\/2021\/01\/WRS_logo.jpg","type":"image\/jpeg"}],"twitter_card":"summary_large_image","twitter_misc":{"Tiempo de lectura":"5 minutos"},"schema":{"@context":"https:\/\/schema.org","@graph":[{"@type":"WebPage","@id":"https:\/\/werocksport.com\/mentions-legales\/","url":"https:\/\/werocksport.com\/mentions-legales\/","name":"Aviso legal - We Rock Sport","isPartOf":{"@id":"https:\/\/werocksport.com\/#website"},"datePublished":"2020-12-10T13:35:49+00:00","dateModified":"2023-07-19T16:08:51+00:00","breadcrumb":{"@id":"https:\/\/werocksport.com\/mentions-legales\/#breadcrumb"},"inLanguage":"es","potentialAction":[{"@type":"ReadAction","target":["https:\/\/werocksport.com\/mentions-legales\/"]}]},{"@type":"BreadcrumbList","@id":"https:\/\/werocksport.com\/mentions-legales\/#breadcrumb","itemListElement":[{"@type":"ListItem","position":1,"name":"Home","item":"https:\/\/werocksport.com\/"},{"@type":"ListItem","position":2,"name":"Mentions l\u00e9gales"}]},{"@type":"WebSite","@id":"https:\/\/werocksport.com\/#website","url":"https:\/\/werocksport.com\/","name":"We Rock Sport","description":"\u00a1100% medios de comunicaci\u00f3n al aire libre!","publisher":{"@id":"https:\/\/werocksport.com\/#organization"},"potentialAction":[{"@type":"SearchAction","target":{"@type":"EntryPoint","urlTemplate":"https:\/\/werocksport.com\/?s={search_term_string}"},"query-input":{"@type":"PropertyValueSpecification","valueRequired":true,"valueName":"search_term_string"}}],"inLanguage":"es"},{"@type":"Organization","@id":"https:\/\/werocksport.com\/#organization","name":"We Rock Sport","url":"https:\/\/werocksport.com\/","logo":{"@type":"ImageObject","inLanguage":"es","@id":"https:\/\/werocksport.com\/#\/schema\/logo\/image\/","url":"https:\/\/werocksport.com\/wp-content\/uploads\/2020\/12\/WRS-logo.png","contentUrl":"https:\/\/werocksport.com\/wp-content\/uploads\/2020\/12\/WRS-logo.png","width":136,"height":60,"caption":"We Rock Sport"},"image":{"@id":"https:\/\/werocksport.com\/#\/schema\/logo\/image\/"}}]}},"_links":{"self":[{"href":"https:\/\/werocksport.com\/es\/wp-json\/wp\/v2\/pages\/3","targetHints":{"allow":["GET"]}}],"collection":[{"href":"https:\/\/werocksport.com\/es\/wp-json\/wp\/v2\/pages"}],"about":[{"href":"https:\/\/werocksport.com\/es\/wp-json\/wp\/v2\/types\/page"}],"author":[{"embeddable":true,"href":"https:\/\/werocksport.com\/es\/wp-json\/wp\/v2\/users\/12"}],"replies":[{"embeddable":true,"href":"https:\/\/werocksport.com\/es\/wp-json\/wp\/v2\/comments?post=3"}],"version-history":[{"count":4,"href":"https:\/\/werocksport.com\/es\/wp-json\/wp\/v2\/pages\/3\/revisions"}],"predecessor-version":[{"id":4092,"href":"https:\/\/werocksport.com\/es\/wp-json\/wp\/v2\/pages\/3\/revisions\/4092"}],"wp:attachment":[{"href":"https:\/\/werocksport.com\/es\/wp-json\/wp\/v2\/media?parent=3"}],"curies":[{"name":"wp","href":"https:\/\/api.w.org\/{rel}","templated":true}]}}